{"id":514,"date":"2026-01-28T10:51:19","date_gmt":"2026-01-28T10:51:19","guid":{"rendered":"https:\/\/cuppen.makkerspreview.nl\/over-ons\/certificeringen\/"},"modified":"2026-04-03T08:20:54","modified_gmt":"2026-04-03T08:20:54","slug":"zertifizierungen","status":"publish","type":"page","link":"https:\/\/cuppen.makkerspreview.nl\/de\/uber-uns\/zertifizierungen\/","title":{"rendered":"Zertifizierungen"},"content":{"rendered":"<div class=\"et_pb_section_0 et_pb_section et_section_regular et_block_section\">\n<div class=\"et_pb_row_0 et_pb_row et_flex_row\">\n<div class=\"et_pb_column_0 et_pb_column et-last-child et_flex_column et_pb_css_mix_blend_mode_passthrough et_flex_column_24_24 et_flex_column_24_24_tablet et_flex_column_24_24_phone\">\n<div class=\"et_pb_text_0 et_pb_text et_pb_bg_layout_light et_pb_module et_flex_module\"><div class=\"et_pb_text_inner\"><h1>Zertifizierungen<\/h1>\n<\/div><\/div>\n<\/div>\n<\/div>\n<\/div>\n\n<div class=\"et_pb_section_1 et_pb_section et_section_regular et_flex_section\">\n<div class=\"et_pb_row_1 et_pb_row et_flex_row\">\n<div class=\"et_pb_column_1 et_pb_column et_flex_column et_pb_css_mix_blend_mode_passthrough et_flex_column_12_24 et_flex_column_12_24_tablet et_flex_column_24_24_phone\">\n<div class=\"et_pb_text_1 et_pb_text et_pb_bg_layout_light et_pb_module et_flex_module\"><div class=\"et_pb_text_inner\"><h2>Sicherheit in jedem Schritt des Prozesses<\/h2>\n<\/div><\/div>\n\n<div class=\"et_pb_text_2 et_pb_text et_pb_bg_layout_light et_pb_module et_flex_module\"><div class=\"et_pb_text_inner\"><p>Wenn Sie mit verderblichen Waren arbeiten, m\u00f6chten Sie sicher sein, dass jeder Schritt stimmt. Deshalb halten wir unsere Prozesse klar und strukturiert \u2013 vom Be- und Entladen bis hin zu Transport und Lagerung. Wir stellen sicher, dass unsere Abl\u00e4ufe und Mitarbeiter alle aktuellen Anforderungen erf\u00fcllen.<\/p>\n<p>Dies wird jedes Jahr unabh\u00e4ngig \u00fcberpr\u00fcft. Um unseren Kunden maximale Sicherheit zu bieten, haben wir uns f\u00fcr zwei Zertifizierungen entschieden. Wir arbeiten nach den IFS-Standards und verf\u00fcgen \u00fcber ein Skal-Zertifikat. So k\u00f6nnen Sie sicher sein, dass Ihre Produkte richtig gelagert und transportiert werden.<\/p>\n<p>Cuppen Logistics ist nach dem IFS Logistics (International Featured Standards) zertifiziert. Dabei handelt es sich um einen Lebensmittelsicherheitsstandard, der sich insbesondere an Zulieferer des Einzelhandels in der Lebensmittelbranche richtet. Ziel ist es, Qualit\u00e4t und Sicherheit in der gesamten Lebensmittelkette zu gew\u00e4hrleisten.<\/p>\n<\/div><\/div>\n<\/div>\n\n<div class=\"et_pb_column_2 et_pb_column et-last-child et_flex_column et_pb_css_mix_blend_mode_passthrough et_flex_column_12_24 et_flex_column_12_24_tablet et_flex_column_24_24_phone\">\n<div class=\"et_pb_image_0 et_pb_image et_pb_image_bottom_space_phone et_pb_module et_flex_module\"><span class=\"et_pb_image_wrap\"><img loading=\"lazy\" decoding=\"async\" src=\"https:\/\/cuppen.makkerspreview.nl\/wp-content\/uploads\/2026\/02\/P1215554-e1770886269501.jpg\" title=\"P1215554\" width=\"1500\" height=\"1499\" srcset=\"https:\/\/cuppen.makkerspreview.nl\/wp-content\/uploads\/2026\/02\/P1215554-e1770886269501.jpg 1500w, https:\/\/cuppen.makkerspreview.nl\/wp-content\/uploads\/2026\/02\/P1215554-e1770886269501-1280x720.jpg 1280w, https:\/\/cuppen.makkerspreview.nl\/wp-content\/uploads\/2026\/02\/P1215554-e1770886269501-980x551.jpg 980w, https:\/\/cuppen.makkerspreview.nl\/wp-content\/uploads\/2026\/02\/P1215554-e1770886269501-480x270.jpg 480w\" sizes=\"(min-width: 0px) and (max-width: 480px) 480px, (min-width: 481px) and (max-width: 980px) 980px, (min-width: 981px) and (max-width: 1280px) 1280px, (min-width: 1281px) 1500px, 100vw\" class=\"wp-image-305\" \/><\/span><\/div>\n<\/div>\n<\/div>\n<\/div>\n\n<div class=\"et_pb_section_2 et_pb_section et_section_regular et_flex_section\">\n<div class=\"et_pb_row_2 et_pb_row et_flex_row\">\n<div class=\"et_pb_column_3 et_pb_column et_flex_column et_pb_css_mix_blend_mode_passthrough et_flex_column_12_24 et_flex_column_12_24_tablet et_flex_column_24_24_phone\">\n<div class=\"et_pb_image_1 et_pb_image et_pb_module et_flex_module\"><span class=\"et_pb_image_wrap\"><img loading=\"lazy\" decoding=\"async\" src=\"https:\/\/cuppen.makkerspreview.nl\/wp-content\/uploads\/2026\/02\/Cuppen-Certificeringen-1.png\" title=\"Cuppen - Certificeringen (1)\" width=\"700\" height=\"269\" srcset=\"https:\/\/cuppen.makkerspreview.nl\/wp-content\/uploads\/2026\/02\/Cuppen-Certificeringen-1.png 700w, https:\/\/cuppen.makkerspreview.nl\/wp-content\/uploads\/2026\/02\/Cuppen-Certificeringen-1-480x184.png 480w\" sizes=\"(min-width: 0px) and (max-width: 480px) 480px, (min-width: 481px) 700px, 100vw\" class=\"wp-image-360\" \/><\/span><\/div>\n\n<div class=\"et_pb_text_3 et_pb_text et_pb_bg_layout_light et_pb_module et_flex_module\"><div class=\"et_pb_text_inner\"><h2>IFS-Anforderungen<\/h2>\n<\/div><\/div>\n\n<div class=\"et_pb_text_4 et_pb_text et_pb_bg_layout_light et_pb_module et_flex_module\"><div class=\"et_pb_text_inner\"><p>Mit unserem IFS-Zertifikat garantieren wir, dass wir alle IFS-Kriterien erf\u00fcllen, darunter:<\/p>\n<\/div>\n<div class=\"et_pb_blurb_0 et_pb_blurb et_pb_bg_layout_light et_pb_blurb_position_left et_pb_module et_flex_module\"><div class=\"et_pb_blurb_content et_flex_module\"><div class=\"et_pb_main_blurb_image\"><span class=\"et_pb_image_wrap\"><span class=\"et-pb-icon et-waypoint et_pb_animation_top et_pb_animation_top_tablet et_pb_animation_top_phone\">N<\/span><\/span><\/div><div class=\"et_pb_blurb_container\"><h4 class=\"et_pb_module_header\">Verantwortung und Engagement des Managements<\/h4><\/div><\/div><\/div>\n\n<div class=\"et_pb_blurb_1 et_pb_blurb et_pb_bg_layout_light et_pb_blurb_position_left et_pb_module et_flex_module\"><div class=\"et_pb_blurb_content et_flex_module\"><div class=\"et_pb_main_blurb_image\"><span class=\"et_pb_image_wrap\"><span class=\"et-pb-icon et-waypoint et_pb_animation_top et_pb_animation_top_tablet et_pb_animation_top_phone\">N<\/span><\/span><\/div><div class=\"et_pb_blurb_container\"><h4 class=\"et_pb_module_header\">Managementsystem f\u00fcr Qualit\u00e4t und Lebensmittelsicherheit<\/h4><\/div><\/div><\/div>\n\n<div class=\"et_pb_blurb_2 et_pb_blurb et_pb_bg_layout_light et_pb_blurb_position_left et_pb_module et_flex_module\"><div class=\"et_pb_blurb_content et_flex_module\"><div class=\"et_pb_main_blurb_image\"><span class=\"et_pb_image_wrap\"><span class=\"et-pb-icon et-waypoint et_pb_animation_top et_pb_animation_top_tablet et_pb_animation_top_phone\">N<\/span><\/span><\/div><div class=\"et_pb_blurb_container\"><h4 class=\"et_pb_module_header\">Management von Personal, Ressourcen und Arbeitsumgebung<\/h4><\/div><\/div><\/div>\n\n<div class=\"et_pb_blurb_3 et_pb_blurb et_pb_bg_layout_light et_pb_blurb_position_left et_pb_module et_flex_module\"><div class=\"et_pb_blurb_content et_flex_module\"><div class=\"et_pb_main_blurb_image\"><span class=\"et_pb_image_wrap\"><span class=\"et-pb-icon et-waypoint et_pb_animation_top et_pb_animation_top_tablet et_pb_animation_top_phone\">N<\/span><\/span><\/div><div class=\"et_pb_blurb_container\"><h4 class=\"et_pb_module_header\">Kontrolle der Transport-, Lager- und Distributionsprozesse<\/h4><\/div><\/div><\/div>\n\n<div class=\"et_pb_blurb_4 et_pb_blurb et_pb_bg_layout_light et_pb_blurb_position_left et_pb_module et_flex_module\"><div class=\"et_pb_blurb_content et_flex_module\"><div class=\"et_pb_main_blurb_image\"><span class=\"et_pb_image_wrap\"><span class=\"et-pb-icon et-waypoint et_pb_animation_top et_pb_animation_top_tablet et_pb_animation_top_phone\">N<\/span><\/span><\/div><div class=\"et_pb_blurb_container\"><h4 class=\"et_pb_module_header\">Pr\u00e4vention von Lebensmittelsicherheitsrisiken wie Food Defense und Food Fraud<\/h4><\/div><\/div><\/div>\n<\/div>\n\n<div class=\"et_pb_module et_pb_button_module_wrapper et_pb_button_0_wrapper\"><a class=\"et_pb_button_0 et_pb_button et_pb_bg_layout_light et_pb_module et_flex_module\" href=\"https:\/\/cuppen.makkerspreview.nl\/wp-content\/uploads\/2026\/03\/IFS-Logistics-2025-2026.pdf\" target=\"_blank\">Laden Sie unser IFS-Zertifikat 2025\u20132026 herunter<\/a><\/div>\n<\/div>\n\n<div class=\"et_pb_column_4 et_pb_column et-last-child et_flex_column et_pb_css_mix_blend_mode_passthrough et_flex_column_12_24 et_flex_column_12_24_tablet et_flex_column_24_24_phone\">\n<div class=\"et_pb_image_2 et_pb_image et_pb_module et_flex_module\"><span class=\"et_pb_image_wrap\"><img loading=\"lazy\" decoding=\"async\" src=\"https:\/\/cuppen.makkerspreview.nl\/wp-content\/uploads\/2026\/02\/Cuppen-Certificeringen-2.png\" title=\"Cuppen - Certificeringen (2)\" width=\"700\" height=\"269\" srcset=\"https:\/\/cuppen.makkerspreview.nl\/wp-content\/uploads\/2026\/02\/Cuppen-Certificeringen-2.png 700w, https:\/\/cuppen.makkerspreview.nl\/wp-content\/uploads\/2026\/02\/Cuppen-Certificeringen-2-480x184.png 480w\" sizes=\"(min-width: 0px) and (max-width: 480px) 480px, (min-width: 481px) 700px, 100vw\" class=\"wp-image-363\" \/><\/span><\/div>\n\n<div class=\"et_pb_text_5 et_pb_text et_pb_bg_layout_light et_pb_module et_flex_module\"><div class=\"et_pb_text_inner\"><h2>Skal<\/h2>\n<\/div><\/div>\n\n<div class=\"et_pb_text_6 et_pb_text et_pb_bg_layout_light et_pb_module et_flex_module\"><div class=\"et_pb_text_inner\"><p>Mit unserem Skal-Zertifikat gew\u00e4hrleisten wir die Qualit\u00e4t der Lagerung und des Transports von Bio-Produkten.<\/p>\n<p><strong>Skal f\u00fcr verl\u00e4ssliche Bio-Produkte<\/strong><br \/>Als Aufsichtsbeh\u00f6rde sorgt Skal Biocontrole daf\u00fcr, dass die Zuverl\u00e4ssigkeit biologischer Produkte f\u00fcr Abnehmer und Verbraucher sichtbar ist. Auf diese Weise tr\u00e4gt Skal zur nachweisbaren Verl\u00e4sslichkeit der Bio-Branche in den Niederlanden bei.<\/p>\n<\/div>\n<div class=\"et_pb_module et_pb_button_module_wrapper et_pb_button_1_wrapper\"><a class=\"et_pb_button_1 et_pb_button et_pb_bg_layout_light et_pb_module et_flex_module\" href=\"https:\/\/cuppen.makkerspreview.nl\/wp-content\/uploads\/2026\/03\/Certificaat-SKAL-31-12-2026.pdf\" target=\"_blank\">Laden Sie unser Skal-Zertifikat herunter<\/a><\/div>\n<\/div>\n<\/div>\n<\/div>\n<\/div>\n\n<div class=\"et_pb_section_3 et_pb_section et_section_regular et_flex_section\">\n<div class=\"et_pb_row_3 et_pb_row et_flex_row\">\n<div class=\"et_pb_column_5 et_pb_column et_flex_column et_pb_css_mix_blend_mode_passthrough et_flex_column_8_24 et_flex_column_8_24_tablet et_flex_column_24_24_phone\">\n<div class=\"et_pb_image_3 et_pb_image et_pb_image_bottom_space_phone et_pb_module et_flex_module\"><span class=\"et_pb_image_wrap\"><img loading=\"lazy\" decoding=\"async\" src=\"https:\/\/cuppen.makkerspreview.nl\/wp-content\/uploads\/2026\/03\/Cuppen-Contact.jpg\" title=\"Cuppen - Contact\" width=\"1200\" height=\"1200\" srcset=\"https:\/\/cuppen.makkerspreview.nl\/wp-content\/uploads\/2026\/03\/Cuppen-Contact.jpg 1200w, https:\/\/cuppen.makkerspreview.nl\/wp-content\/uploads\/2026\/03\/Cuppen-Contact-980x980.jpg 980w, https:\/\/cuppen.makkerspreview.nl\/wp-content\/uploads\/2026\/03\/Cuppen-Contact-480x480.jpg 480w\" sizes=\"(min-width: 0px) and (max-width: 480px) 480px, (min-width: 481px) and (max-width: 980px) 980px, (min-width: 981px) 1200px, 100vw\" class=\"wp-image-431\" \/><\/span><\/div>\n<\/div>\n\n<div class=\"et_pb_column_6 et_pb_column et-last-child et_flex_column et_pb_css_mix_blend_mode_passthrough et_flex_column_16_24 et_flex_column_16_24_tablet et_flex_column_24_24_phone\">\n<div class=\"et_pb_text_7 et_pb_text et_pb_bg_layout_light et_pb_module et_flex_module\"><div class=\"et_pb_text_inner\"><h2>Neugierig, was wir f\u00fcr Sie tun k\u00f6nnen?<\/h2>\n<\/div><\/div>\n\n<div class=\"et_pb_text_8 et_pb_text et_pb_bg_layout_light et_pb_module et_flex_module\"><div class=\"et_pb_text_inner\"><p>Kontaktieren Sie unsere Transportplanung<br \/><a href=\"tel:+31-(0)773977070\">+31-(0)77 3977070<\/a><\/p>\n<\/div><\/div>\n\n<div class=\"et_pb_blurb_5 et_pb_blurb et_pb_bg_layout_light et_pb_blurb_position_left et_pb_module et_flex_module\"><div class=\"et_pb_blurb_content et_flex_module\"><div class=\"et_pb_main_blurb_image\"><span class=\"et_pb_image_wrap\"><span class=\"et-pb-icon et-waypoint et_pb_animation_top et_pb_animation_top_tablet et_pb_animation_top_phone\">N<\/span><\/span><\/div><div class=\"et_pb_blurb_container\"><h4 class=\"et_pb_module_header\">Transport und Coldstore, vollst\u00e4ndig in eigener Hand<\/h4><\/div><\/div><\/div>\n\n<div class=\"et_pb_blurb_6 et_pb_blurb et_pb_bg_layout_light et_pb_blurb_position_left et_pb_module et_flex_module\"><div class=\"et_pb_blurb_content et_flex_module\"><div class=\"et_pb_main_blurb_image\"><span class=\"et_pb_image_wrap\"><span class=\"et-pb-icon et-waypoint et_pb_animation_top et_pb_animation_top_tablet et_pb_animation_top_phone\">N<\/span><\/span><\/div><div class=\"et_pb_blurb_container\"><h4 class=\"et_pb_module_header\">Zuverl\u00e4ssige Lieferungen, immer p\u00fcnktlich und wie vereinbart<\/h4><\/div><\/div><\/div>\n\n<div class=\"et_pb_blurb_7 et_pb_blurb et_pb_bg_layout_light et_pb_blurb_position_left et_pb_module et_flex_module\"><div class=\"et_pb_blurb_content et_flex_module\"><div class=\"et_pb_main_blurb_image\"><span class=\"et_pb_image_wrap\"><span class=\"et-pb-icon et-waypoint et_pb_animation_top et_pb_animation_top_tablet et_pb_animation_top_phone\">N<\/span><\/span><\/div><div class=\"et_pb_blurb_container\"><h4 class=\"et_pb_module_header\">Temperatursicherheit unterwegs und in der K\u00fchlzelle, mit kontinuierlicher Temperaturregistrierung und Kontrolle<\/h4><\/div><\/div><\/div>\n\n<div class=\"et_pb_blurb_8 et_pb_blurb et_pb_bg_layout_light et_pb_blurb_position_left et_pb_module et_flex_module\"><div class=\"et_pb_blurb_content et_flex_module\"><div class=\"et_pb_main_blurb_image\"><span class=\"et_pb_image_wrap\"><span class=\"et-pb-icon et-waypoint et_pb_animation_top et_pb_animation_top_tablet et_pb_animation_top_phone\">N<\/span><\/span><\/div><div class=\"et_pb_blurb_container\"><h4 class=\"et_pb_module_header\">Direkte Kommunikation und 24\/7 erreichbar<\/h4><\/div><\/div><\/div>\n\n<div class=\"et_pb_blurb_9 et_pb_blurb et_pb_bg_layout_light et_pb_blurb_position_left et_pb_module et_flex_module\"><div class=\"et_pb_blurb_content et_flex_module\"><div class=\"et_pb_main_blurb_image\"><span class=\"et_pb_image_wrap\"><span class=\"et-pb-icon et-waypoint et_pb_animation_top et_pb_animation_top_tablet et_pb_animation_top_phone\">N<\/span><\/span><\/div><div class=\"et_pb_blurb_container\"><h4 class=\"et_pb_module_header\">Flexibel bei Spitzenzeiten und saisonalen Mengenstr\u00f6men<\/h4><\/div><\/div><\/div>\n\n<div class=\"et_pb_module et_pb_button_module_wrapper et_pb_button_2_wrapper\"><a class=\"et_pb_button_2 et_pb_button et_pb_bg_layout_light et_pb_module et_flex_module\" href=\"\/de\/kontakt\/\">Kontakt aufnehmen<\/a><\/div>\n<\/div>\n<\/div>\n<\/div>","protected":false},"excerpt":{"rendered":"","protected":false},"author":2,"featured_media":0,"parent":512,"menu_order":0,"comment_status":"closed","ping_status":"closed","template":"","meta":{"footnotes":""},"class_list":["post-514","page","type-page","status-publish","hentry"],"yoast_head":"<!-- This site is optimized with the Yoast SEO plugin v27.3 - https:\/\/yoast.com\/product\/yoast-seo-wordpress\/ -->\n<title>Zertifizierungen - Cuppen<\/title>\n<meta name=\"robots\" content=\"noindex, follow, max-snippet:-1, max-image-preview:large, max-video-preview:-1\" \/>\n<meta property=\"og:locale\" content=\"de_DE\" \/>\n<meta property=\"og:type\" content=\"article\" \/>\n<meta property=\"og:title\" content=\"Zertifizierungen - Cuppen\" \/>\n<meta property=\"og:url\" content=\"https:\/\/cuppen.makkerspreview.nl\/de\/uber-uns\/zertifizierungen\/\" \/>\n<meta property=\"og:site_name\" content=\"Cuppen\" \/>\n<meta property=\"article:modified_time\" content=\"2026-04-03T08:20:54+00:00\" \/>\n<meta name=\"twitter:card\" content=\"summary_large_image\" \/>\n<script type=\"application\/ld+json\" class=\"yoast-schema-graph\">{\"@context\":\"https:\\\/\\\/schema.org\",\"@graph\":[{\"@type\":\"WebPage\",\"@id\":\"https:\\\/\\\/cuppen.makkerspreview.nl\\\/de\\\/uber-uns\\\/zertifizierungen\\\/\",\"url\":\"https:\\\/\\\/cuppen.makkerspreview.nl\\\/de\\\/uber-uns\\\/zertifizierungen\\\/\",\"name\":\"Zertifizierungen - Cuppen\",\"isPartOf\":{\"@id\":\"https:\\\/\\\/cuppen.makkerspreview.nl\\\/de\\\/#website\"},\"datePublished\":\"2026-01-28T10:51:19+00:00\",\"dateModified\":\"2026-04-03T08:20:54+00:00\",\"breadcrumb\":{\"@id\":\"https:\\\/\\\/cuppen.makkerspreview.nl\\\/de\\\/uber-uns\\\/zertifizierungen\\\/#breadcrumb\"},\"inLanguage\":\"de\",\"potentialAction\":[{\"@type\":\"ReadAction\",\"target\":[\"https:\\\/\\\/cuppen.makkerspreview.nl\\\/de\\\/uber-uns\\\/zertifizierungen\\\/\"]}]},{\"@type\":\"BreadcrumbList\",\"@id\":\"https:\\\/\\\/cuppen.makkerspreview.nl\\\/de\\\/uber-uns\\\/zertifizierungen\\\/#breadcrumb\",\"itemListElement\":[{\"@type\":\"ListItem\",\"position\":1,\"name\":\"Home\",\"item\":\"https:\\\/\\\/cuppen.makkerspreview.nl\\\/de\\\/\"},{\"@type\":\"ListItem\",\"position\":2,\"name\":\"\u00dcber uns\",\"item\":\"https:\\\/\\\/cuppen.makkerspreview.nl\\\/de\\\/uber-uns\\\/\"},{\"@type\":\"ListItem\",\"position\":3,\"name\":\"Zertifizierungen\"}]},{\"@type\":\"WebSite\",\"@id\":\"https:\\\/\\\/cuppen.makkerspreview.nl\\\/de\\\/#website\",\"url\":\"https:\\\/\\\/cuppen.makkerspreview.nl\\\/de\\\/\",\"name\":\"Cuppen\",\"description\":\"\",\"potentialAction\":[{\"@type\":\"SearchAction\",\"target\":{\"@type\":\"EntryPoint\",\"urlTemplate\":\"https:\\\/\\\/cuppen.makkerspreview.nl\\\/de\\\/?s={search_term_string}\"},\"query-input\":{\"@type\":\"PropertyValueSpecification\",\"valueRequired\":true,\"valueName\":\"search_term_string\"}}],\"inLanguage\":\"de\"}]}<\/script>\n<!-- \/ Yoast SEO plugin. -->","yoast_head_json":{"title":"Zertifizierungen - Cuppen","robots":{"index":"noindex","follow":"follow","max-snippet":"max-snippet:-1","max-image-preview":"max-image-preview:large","max-video-preview":"max-video-preview:-1"},"og_locale":"de_DE","og_type":"article","og_title":"Zertifizierungen - Cuppen","og_url":"https:\/\/cuppen.makkerspreview.nl\/de\/uber-uns\/zertifizierungen\/","og_site_name":"Cuppen","article_modified_time":"2026-04-03T08:20:54+00:00","twitter_card":"summary_large_image","schema":{"@context":"https:\/\/schema.org","@graph":[{"@type":"WebPage","@id":"https:\/\/cuppen.makkerspreview.nl\/de\/uber-uns\/zertifizierungen\/","url":"https:\/\/cuppen.makkerspreview.nl\/de\/uber-uns\/zertifizierungen\/","name":"Zertifizierungen - Cuppen","isPartOf":{"@id":"https:\/\/cuppen.makkerspreview.nl\/de\/#website"},"datePublished":"2026-01-28T10:51:19+00:00","dateModified":"2026-04-03T08:20:54+00:00","breadcrumb":{"@id":"https:\/\/cuppen.makkerspreview.nl\/de\/uber-uns\/zertifizierungen\/#breadcrumb"},"inLanguage":"de","potentialAction":[{"@type":"ReadAction","target":["https:\/\/cuppen.makkerspreview.nl\/de\/uber-uns\/zertifizierungen\/"]}]},{"@type":"BreadcrumbList","@id":"https:\/\/cuppen.makkerspreview.nl\/de\/uber-uns\/zertifizierungen\/#breadcrumb","itemListElement":[{"@type":"ListItem","position":1,"name":"Home","item":"https:\/\/cuppen.makkerspreview.nl\/de\/"},{"@type":"ListItem","position":2,"name":"\u00dcber uns","item":"https:\/\/cuppen.makkerspreview.nl\/de\/uber-uns\/"},{"@type":"ListItem","position":3,"name":"Zertifizierungen"}]},{"@type":"WebSite","@id":"https:\/\/cuppen.makkerspreview.nl\/de\/#website","url":"https:\/\/cuppen.makkerspreview.nl\/de\/","name":"Cuppen","description":"","potentialAction":[{"@type":"SearchAction","target":{"@type":"EntryPoint","urlTemplate":"https:\/\/cuppen.makkerspreview.nl\/de\/?s={search_term_string}"},"query-input":{"@type":"PropertyValueSpecification","valueRequired":true,"valueName":"search_term_string"}}],"inLanguage":"de"}]}},"_links":{"self":[{"href":"https:\/\/cuppen.makkerspreview.nl\/de\/wp-json\/wp\/v2\/pages\/514","targetHints":{"allow":["GET"]}}],"collection":[{"href":"https:\/\/cuppen.makkerspreview.nl\/de\/wp-json\/wp\/v2\/pages"}],"about":[{"href":"https:\/\/cuppen.makkerspreview.nl\/de\/wp-json\/wp\/v2\/types\/page"}],"author":[{"embeddable":true,"href":"https:\/\/cuppen.makkerspreview.nl\/de\/wp-json\/wp\/v2\/users\/2"}],"replies":[{"embeddable":true,"href":"https:\/\/cuppen.makkerspreview.nl\/de\/wp-json\/wp\/v2\/comments?post=514"}],"version-history":[{"count":13,"href":"https:\/\/cuppen.makkerspreview.nl\/de\/wp-json\/wp\/v2\/pages\/514\/revisions"}],"predecessor-version":[{"id":854,"href":"https:\/\/cuppen.makkerspreview.nl\/de\/wp-json\/wp\/v2\/pages\/514\/revisions\/854"}],"up":[{"embeddable":true,"href":"https:\/\/cuppen.makkerspreview.nl\/de\/wp-json\/wp\/v2\/pages\/512"}],"wp:attachment":[{"href":"https:\/\/cuppen.makkerspreview.nl\/de\/wp-json\/wp\/v2\/media?parent=514"}],"curies":[{"name":"wp","href":"https:\/\/api.w.org\/{rel}","templated":true}]}}