{"id":510,"date":"2025-12-18T10:43:04","date_gmt":"2025-12-18T10:43:04","guid":{"rendered":"https:\/\/cuppen.makkerspreview.nl\/logistics\/"},"modified":"2026-04-03T08:18:23","modified_gmt":"2026-04-03T08:18:23","slug":"logistics","status":"publish","type":"page","link":"https:\/\/cuppen.makkerspreview.nl\/de\/logistics\/","title":{"rendered":"Logistics"},"content":{"rendered":"<div class=\"et_pb_section_0 et_pb_section et_section_regular et_block_section\">\n<div class=\"et_pb_row_0 et_pb_row et_flex_row\">\n<div class=\"et_pb_column_0 et_pb_column et-last-child et_flex_column et_pb_css_mix_blend_mode_passthrough et_flex_column_24_24 et_flex_column_24_24_tablet et_flex_column_24_24_phone\">\n<div class=\"et_pb_text_0 et_pb_text et_pb_bg_layout_light et_pb_module et_flex_module\"><div class=\"et_pb_text_inner\"><h1>Logistics<\/h1>\n<\/div><\/div>\n<\/div>\n<\/div>\n<\/div>\n\n<div class=\"et_pb_section_1 et_pb_section et_section_regular et_flex_section\">\n<div class=\"et_pb_row_1 et_pb_row et_flex_row\">\n<div class=\"et_pb_column_1 et_pb_column et_flex_column et_pb_css_mix_blend_mode_passthrough et_flex_column_3_5 et_flex_column_3_5_tablet et_flex_column_24_24_phone\">\n<div class=\"et_pb_text_1 et_pb_text et_pb_bg_layout_light et_pb_module et_flex_module\"><div class=\"et_pb_text_inner\"><h2>Sicherheit bei jeder Fahrt<\/h2>\n<\/div><\/div>\n\n<div class=\"et_pb_text_2 et_pb_text et_pb_bg_layout_light et_pb_module et_flex_module\"><div class=\"et_pb_text_inner\"><p>Cuppen Logistics verf\u00fcgt \u00fcber einen modernen Fuhrpark mit 40 Lkw und 55 Aufliegern. Damit k\u00f6nnen wir die unterschiedlichen Anforderungen von Z\u00fcchtern und H\u00e4ndlern erf\u00fcllen. Wir sind spezialisiert auf temperaturgef\u00fchrten Transport von Gem\u00fcse, Obst, Blumen und Pflanzgut, sowohl gek\u00fchlt als auch beheizt. Unseren Fuhrpark erneuern wir Schritt f\u00fcr Schritt, damit wir sparsam und effizient unterwegs sind.<\/p>\n<\/div>\n<div class=\"et_pb_module et_pb_button_module_wrapper et_pb_button_0_wrapper\"><a class=\"et_pb_button_0 et_pb_button et_pb_bg_layout_light et_pb_module et_flex_module\" href=\"https:\/\/cuppen.makkerspreview.nl\/de\/kontakt\/\">Nehmen Sie direkt Kontakt mit unserer Transportplanung auf<\/a><\/div>\n<\/div>\n<\/div>\n\n<div class=\"et_pb_column_2 et_pb_column et-last-child et_flex_column et_pb_css_mix_blend_mode_passthrough et_flex_column_2_5 et_flex_column_2_5_tablet et_flex_column_24_24_phone\">\n<div class=\"et_pb_blurb_0 et_pb_blurb et_pb_bg_layout_light et_pb_blurb_position_left et_pb_module et_flex_module\"><div class=\"et_pb_blurb_content et_flex_module\"><div class=\"et_pb_main_blurb_image\"><span class=\"et_pb_image_wrap\"><span class=\"et-pb-icon et-waypoint et_pb_animation_top et_pb_animation_top_tablet et_pb_animation_top_phone\">N<\/span><\/span><\/div><div class=\"et_pb_blurb_container\"><h4 class=\"et_pb_module_header\">Temperaturgef\u00fchrter Transport mit kontinuierlicher Temperaturregistrierung und Kontrolle<\/h4><\/div><\/div><\/div>\n\n<div class=\"et_pb_blurb_1 et_pb_blurb et_pb_bg_layout_light et_pb_blurb_position_left et_pb_module et_flex_module\"><div class=\"et_pb_blurb_content et_flex_module\"><div class=\"et_pb_main_blurb_image\"><span class=\"et_pb_image_wrap\"><span class=\"et-pb-icon et-waypoint et_pb_animation_top et_pb_animation_top_tablet et_pb_animation_top_phone\">N<\/span><\/span><\/div><div class=\"et_pb_blurb_container\"><h4 class=\"et_pb_module_header\">Zuverl\u00e4ssige Lieferungen wie vereinbart, mit festen Routen und klarer Kommunikation<\/h4><\/div><\/div><\/div>\n\n<div class=\"et_pb_blurb_2 et_pb_blurb et_pb_bg_layout_light et_pb_blurb_position_left et_pb_module et_flex_module\"><div class=\"et_pb_blurb_content et_flex_module\"><div class=\"et_pb_main_blurb_image\"><span class=\"et_pb_image_wrap\"><span class=\"et-pb-icon et-waypoint et_pb_animation_top et_pb_animation_top_tablet et_pb_animation_top_phone\">N<\/span><\/span><\/div><div class=\"et_pb_blurb_container\"><h4 class=\"et_pb_module_header\">Direkte Abstimmung und Flexibilit\u00e4t bei Teilladungen und saisonalen Spitzenzeiten<\/h4><\/div><\/div><\/div>\n<\/div>\n<\/div>\n<\/div>\n\n<div class=\"et_pb_section_2 et_pb_section et_section_regular et_flex_section\">\n<div class=\"et_pb_row_2 et_pb_row et_flex_row\">\n<div class=\"et_pb_column_3 et_pb_column et_flex_column et_pb_css_mix_blend_mode_passthrough et_flex_column_8_24 et_flex_column_8_24_tablet et_flex_column_24_24_phone\">\n<div class=\"et_pb_image_0 et_pb_image et_pb_image_bottom_space_phone et_pb_module et_flex_module\"><span class=\"et_pb_image_wrap\"><img loading=\"lazy\" decoding=\"async\" src=\"https:\/\/cuppen.makkerspreview.nl\/wp-content\/uploads\/2026\/03\/1262414.jpg\" title=\"_1262414\" width=\"1200\" height=\"1200\" srcset=\"https:\/\/cuppen.makkerspreview.nl\/wp-content\/uploads\/2026\/03\/1262414.jpg 1200w, https:\/\/cuppen.makkerspreview.nl\/wp-content\/uploads\/2026\/03\/1262414-980x980.jpg 980w, https:\/\/cuppen.makkerspreview.nl\/wp-content\/uploads\/2026\/03\/1262414-480x480.jpg 480w\" sizes=\"(min-width: 0px) and (max-width: 480px) 480px, (min-width: 481px) and (max-width: 980px) 980px, (min-width: 981px) 1200px, 100vw\" class=\"wp-image-694\" \/><\/span><\/div>\n<\/div>\n\n<div class=\"et_pb_column_4 et_pb_column et-last-child et_flex_column et_pb_css_mix_blend_mode_passthrough et_flex_column_16_24 et_flex_column_16_24_tablet et_flex_column_24_24_phone\">\n<div class=\"et_pb_text_3 et_pb_text et_pb_bg_layout_light et_pb_module et_flex_module\"><div class=\"et_pb_text_inner\"><h2>Volle Kontrolle \u00fcber Temperatur und Planung<\/h2>\n<\/div><\/div>\n\n<div class=\"et_pb_text_4 et_pb_text et_pb_bg_layout_light et_pb_module et_flex_module\"><div class=\"et_pb_text_inner\"><p>Unsere Lkw sind mit Ladebordw\u00e4nden, Bordcomputern und Systemen zur Temperaturregistrierung ausgestattet. So behalten wir die Bedingungen w\u00e4hrend jeder Fahrt optimal im Griff und stellen sicher, dass die Qualit\u00e4t der Ladung erhalten bleibt. Diese pr\u00e4zise Steuerung hilft uns au\u00dferdem, Routen und Verbrauch kontinuierlich besser zu \u00fcberwachen.<\/p>\n<p>Auch f\u00fcr Teilladungen sind wir ein zuverl\u00e4ssiger Partner. Mit festen Routen und Pr\u00e4senz an wichtigen logistischen Knotenpunkten in den Niederlanden, Belgien, Deutschland und Ostfrankreich organisieren wir Transporte effizient und innerhalb der vereinbarten Frist. Durch die direkte Abstimmung mit unseren Disponenten bleibt die Kommunikation klar und wir k\u00f6nnen schnell reagieren, wenn sich die Planung \u00e4ndert.<\/p>\n<\/div><\/div>\n\n<div class=\"et_pb_module et_pb_button_module_wrapper et_pb_button_1_wrapper\"><a class=\"et_pb_button_1 et_pb_button et_pb_bg_layout_light et_pb_module et_flex_module\" href=\"https:\/\/cuppen.makkerspreview.nl\/de\/kontakt\/\">Kontakt aufnehmen<\/a><\/div>\n<\/div>\n<\/div>\n<\/div>\n\n<div class=\"et_pb_section_3 et_pb_section et_section_regular et_flex_section\">\n<div class=\"et_pb_row_3 et_pb_row et_grid_row\">\n<div class=\"et_pb_column_5 et_pb_column et_flex_column et_pb_css_mix_blend_mode_passthrough\">\n<div class=\"et_pb_text_5 et_pb_text et_pb_bg_layout_light et_pb_module et_flex_module\"><div class=\"et_pb_text_inner\"><h2>Entdecken Sie auch unsere Coldstore-Dienstleistungen<\/h2>\n<\/div><\/div>\n\n<div class=\"et_pb_text_6 et_pb_text et_pb_bg_layout_light et_pb_module et_flex_module\"><div class=\"et_pb_text_inner\"><p>Neben dem Transport bieten wir auch sichere und kontrollierte Lagerung. Entdecken Sie, wie unsere Coldstore Ihre Logistik st\u00e4rken kann.<\/p>\n<\/div>\n<div class=\"et_pb_module et_pb_button_module_wrapper et_pb_button_2_wrapper\"><a class=\"et_pb_button_2 et_pb_button et_pb_bg_layout_light et_pb_module et_flex_module\" href=\"https:\/\/cuppen.makkerspreview.nl\/de\/coldstore\/\">Entdecken Sie unsere Coldstore<\/a><\/div>\n<\/div>\n<\/div>\n\n<div class=\"et_pb_column_6 et_pb_column et-last-child et_flex_column et_pb_css_mix_blend_mode_passthrough\">\n<div class=\"et_pb_image_1 et_pb_image et_pb_module et_flex_module\"><span class=\"et_pb_image_wrap\"><img loading=\"lazy\" decoding=\"async\" src=\"https:\/\/cuppen.makkerspreview.nl\/wp-content\/uploads\/2026\/02\/P1215675.jpg\" title=\"P1215675\" width=\"2250\" height=\"1499\" srcset=\"https:\/\/cuppen.makkerspreview.nl\/wp-content\/uploads\/2026\/02\/P1215675.jpg 2250w, https:\/\/cuppen.makkerspreview.nl\/wp-content\/uploads\/2026\/02\/P1215675-1280x853.jpg 1280w, https:\/\/cuppen.makkerspreview.nl\/wp-content\/uploads\/2026\/02\/P1215675-980x653.jpg 980w, https:\/\/cuppen.makkerspreview.nl\/wp-content\/uploads\/2026\/02\/P1215675-480x320.jpg 480w\" sizes=\"(min-width: 0px) and (max-width: 480px) 480px, (min-width: 481px) and (max-width: 980px) 980px, (min-width: 981px) and (max-width: 1280px) 1280px, (min-width: 1281px) 2250px, 100vw\" class=\"wp-image-307\" \/><\/span><\/div>\n<\/div>\n<\/div>\n<\/div>\n\n<div class=\"et_pb_section_4 et_pb_section et_section_regular et_flex_section\">\n<div class=\"et_pb_row_4 et_pb_row et_flex_row\">\n<div class=\"et_pb_column_7 et_pb_column et_flex_column et_pb_css_mix_blend_mode_passthrough et_flex_column_8_24 et_flex_column_8_24_tablet et_flex_column_24_24_phone\">\n<div class=\"et_pb_image_2 et_pb_image et_pb_image_bottom_space_phone et_pb_module et_flex_module\"><span class=\"et_pb_image_wrap\"><img loading=\"lazy\" decoding=\"async\" src=\"https:\/\/cuppen.makkerspreview.nl\/wp-content\/uploads\/2026\/03\/Cuppen-Contact-1.jpg\" title=\"Cuppen - Contact (1)\" width=\"1200\" height=\"1200\" srcset=\"https:\/\/cuppen.makkerspreview.nl\/wp-content\/uploads\/2026\/03\/Cuppen-Contact-1.jpg 1200w, https:\/\/cuppen.makkerspreview.nl\/wp-content\/uploads\/2026\/03\/Cuppen-Contact-1-980x980.jpg 980w, https:\/\/cuppen.makkerspreview.nl\/wp-content\/uploads\/2026\/03\/Cuppen-Contact-1-480x480.jpg 480w\" sizes=\"(min-width: 0px) and (max-width: 480px) 480px, (min-width: 481px) and (max-width: 980px) 980px, (min-width: 981px) 1200px, 100vw\" class=\"wp-image-424\" \/><\/span><\/div>\n<\/div>\n\n<div class=\"et_pb_column_8 et_pb_column et-last-child et_flex_column et_pb_css_mix_blend_mode_passthrough et_flex_column_16_24 et_flex_column_16_24_tablet et_flex_column_24_24_phone\">\n<div class=\"et_pb_text_7 et_pb_text et_pb_bg_layout_light et_pb_module et_flex_module\"><div class=\"et_pb_text_inner\"><h2>Neugierig, was wir f\u00fcr Sie tun k\u00f6nnen?<\/h2>\n<\/div><\/div>\n\n<div class=\"et_pb_text_8 et_pb_text et_pb_bg_layout_light et_pb_module et_flex_module\"><div class=\"et_pb_text_inner\"><p>Kontaktieren Sie unsere Transportplanung<br \/><a href=\"tel:+31-(0)773977070\">+31-(0)77 3977070<\/a><\/p>\n<\/div><\/div>\n\n<div class=\"et_pb_blurb_3 et_pb_blurb et_pb_bg_layout_light et_pb_blurb_position_left et_pb_module et_flex_module\"><div class=\"et_pb_blurb_content et_flex_module\"><div class=\"et_pb_main_blurb_image\"><span class=\"et_pb_image_wrap\"><span class=\"et-pb-icon et-waypoint et_pb_animation_top et_pb_animation_top_tablet et_pb_animation_top_phone\">N<\/span><\/span><\/div><div class=\"et_pb_blurb_container\"><h4 class=\"et_pb_module_header\">Transport und Coldstore, vollst\u00e4ndig in eigener Hand<\/h4><\/div><\/div><\/div>\n\n<div class=\"et_pb_blurb_4 et_pb_blurb et_pb_bg_layout_light et_pb_blurb_position_left et_pb_module et_flex_module\"><div class=\"et_pb_blurb_content et_flex_module\"><div class=\"et_pb_main_blurb_image\"><span class=\"et_pb_image_wrap\"><span class=\"et-pb-icon et-waypoint et_pb_animation_top et_pb_animation_top_tablet et_pb_animation_top_phone\">N<\/span><\/span><\/div><div class=\"et_pb_blurb_container\"><h4 class=\"et_pb_module_header\">Temperatursicherheit unterwegs und in der K\u00fchlzelle, mit kontinuierlicher Temperaturregistrierung und Kontrolle<\/h4><\/div><\/div><\/div>\n\n<div class=\"et_pb_blurb_5 et_pb_blurb et_pb_bg_layout_light et_pb_blurb_position_left et_pb_module et_flex_module\"><div class=\"et_pb_blurb_content et_flex_module\"><div class=\"et_pb_main_blurb_image\"><span class=\"et_pb_image_wrap\"><span class=\"et-pb-icon et-waypoint et_pb_animation_top et_pb_animation_top_tablet et_pb_animation_top_phone\">N<\/span><\/span><\/div><div class=\"et_pb_blurb_container\"><h4 class=\"et_pb_module_header\">Temperatursicherheit unterwegs und in der K\u00fchlzelle, mit kontinuierlicher Temperaturregistrierung und Kontrolle<\/h4><\/div><\/div><\/div>\n\n<div class=\"et_pb_blurb_6 et_pb_blurb et_pb_bg_layout_light et_pb_blurb_position_left et_pb_module et_flex_module\"><div class=\"et_pb_blurb_content et_flex_module\"><div class=\"et_pb_main_blurb_image\"><span class=\"et_pb_image_wrap\"><span class=\"et-pb-icon et-waypoint et_pb_animation_top et_pb_animation_top_tablet et_pb_animation_top_phone\">N<\/span><\/span><\/div><div class=\"et_pb_blurb_container\"><h4 class=\"et_pb_module_header\">Direkte Kommunikation und 24\/7 erreichbar<\/h4><\/div><\/div><\/div>\n\n<div class=\"et_pb_blurb_7 et_pb_blurb et_pb_bg_layout_light et_pb_blurb_position_left et_pb_module et_flex_module\"><div class=\"et_pb_blurb_content et_flex_module\"><div class=\"et_pb_main_blurb_image\"><span class=\"et_pb_image_wrap\"><span class=\"et-pb-icon et-waypoint et_pb_animation_top et_pb_animation_top_tablet et_pb_animation_top_phone\">N<\/span><\/span><\/div><div class=\"et_pb_blurb_container\"><h4 class=\"et_pb_module_header\">Flexibel bei Spitzenzeiten und saisonalen Mengenstr\u00f6men <\/h4><\/div><\/div><\/div>\n\n<div class=\"et_pb_module et_pb_button_module_wrapper et_pb_button_3_wrapper\"><a class=\"et_pb_button_3 et_pb_button et_pb_bg_layout_light et_pb_module et_flex_module\" href=\"https:\/\/cuppen.makkerspreview.nl\/de\/kontakt\/\">Kontakt aufnehmen<\/a><\/div>\n<\/div>\n<\/div>\n<\/div>","protected":false},"excerpt":{"rendered":"","protected":false},"author":2,"featured_media":0,"parent":0,"menu_order":0,"comment_status":"closed","ping_status":"closed","template":"","meta":{"footnotes":""},"class_list":["post-510","page","type-page","status-publish","hentry"],"yoast_head":"<!-- This site is optimized with the Yoast SEO plugin v27.3 - https:\/\/yoast.com\/product\/yoast-seo-wordpress\/ -->\n<title>Logistics - Cuppen<\/title>\n<meta name=\"robots\" content=\"noindex, follow, max-snippet:-1, max-image-preview:large, max-video-preview:-1\" \/>\n<meta property=\"og:locale\" content=\"de_DE\" \/>\n<meta property=\"og:type\" content=\"article\" \/>\n<meta property=\"og:title\" content=\"Logistics - Cuppen\" \/>\n<meta property=\"og:url\" content=\"https:\/\/cuppen.makkerspreview.nl\/de\/logistics\/\" \/>\n<meta property=\"og:site_name\" content=\"Cuppen\" \/>\n<meta property=\"article:modified_time\" content=\"2026-04-03T08:18:23+00:00\" \/>\n<meta name=\"twitter:card\" content=\"summary_large_image\" \/>\n<script type=\"application\/ld+json\" class=\"yoast-schema-graph\">{\"@context\":\"https:\\\/\\\/schema.org\",\"@graph\":[{\"@type\":\"WebPage\",\"@id\":\"https:\\\/\\\/cuppen.makkerspreview.nl\\\/de\\\/logistics\\\/\",\"url\":\"https:\\\/\\\/cuppen.makkerspreview.nl\\\/de\\\/logistics\\\/\",\"name\":\"Logistics - Cuppen\",\"isPartOf\":{\"@id\":\"https:\\\/\\\/cuppen.makkerspreview.nl\\\/de\\\/#website\"},\"datePublished\":\"2025-12-18T10:43:04+00:00\",\"dateModified\":\"2026-04-03T08:18:23+00:00\",\"breadcrumb\":{\"@id\":\"https:\\\/\\\/cuppen.makkerspreview.nl\\\/de\\\/logistics\\\/#breadcrumb\"},\"inLanguage\":\"de\",\"potentialAction\":[{\"@type\":\"ReadAction\",\"target\":[\"https:\\\/\\\/cuppen.makkerspreview.nl\\\/de\\\/logistics\\\/\"]}]},{\"@type\":\"BreadcrumbList\",\"@id\":\"https:\\\/\\\/cuppen.makkerspreview.nl\\\/de\\\/logistics\\\/#breadcrumb\",\"itemListElement\":[{\"@type\":\"ListItem\",\"position\":1,\"name\":\"Home\",\"item\":\"https:\\\/\\\/cuppen.makkerspreview.nl\\\/de\\\/\"},{\"@type\":\"ListItem\",\"position\":2,\"name\":\"Logistics\"}]},{\"@type\":\"WebSite\",\"@id\":\"https:\\\/\\\/cuppen.makkerspreview.nl\\\/de\\\/#website\",\"url\":\"https:\\\/\\\/cuppen.makkerspreview.nl\\\/de\\\/\",\"name\":\"Cuppen\",\"description\":\"\",\"potentialAction\":[{\"@type\":\"SearchAction\",\"target\":{\"@type\":\"EntryPoint\",\"urlTemplate\":\"https:\\\/\\\/cuppen.makkerspreview.nl\\\/de\\\/?s={search_term_string}\"},\"query-input\":{\"@type\":\"PropertyValueSpecification\",\"valueRequired\":true,\"valueName\":\"search_term_string\"}}],\"inLanguage\":\"de\"}]}<\/script>\n<!-- \/ Yoast SEO plugin. -->","yoast_head_json":{"title":"Logistics - Cuppen","robots":{"index":"noindex","follow":"follow","max-snippet":"max-snippet:-1","max-image-preview":"max-image-preview:large","max-video-preview":"max-video-preview:-1"},"og_locale":"de_DE","og_type":"article","og_title":"Logistics - Cuppen","og_url":"https:\/\/cuppen.makkerspreview.nl\/de\/logistics\/","og_site_name":"Cuppen","article_modified_time":"2026-04-03T08:18:23+00:00","twitter_card":"summary_large_image","schema":{"@context":"https:\/\/schema.org","@graph":[{"@type":"WebPage","@id":"https:\/\/cuppen.makkerspreview.nl\/de\/logistics\/","url":"https:\/\/cuppen.makkerspreview.nl\/de\/logistics\/","name":"Logistics - Cuppen","isPartOf":{"@id":"https:\/\/cuppen.makkerspreview.nl\/de\/#website"},"datePublished":"2025-12-18T10:43:04+00:00","dateModified":"2026-04-03T08:18:23+00:00","breadcrumb":{"@id":"https:\/\/cuppen.makkerspreview.nl\/de\/logistics\/#breadcrumb"},"inLanguage":"de","potentialAction":[{"@type":"ReadAction","target":["https:\/\/cuppen.makkerspreview.nl\/de\/logistics\/"]}]},{"@type":"BreadcrumbList","@id":"https:\/\/cuppen.makkerspreview.nl\/de\/logistics\/#breadcrumb","itemListElement":[{"@type":"ListItem","position":1,"name":"Home","item":"https:\/\/cuppen.makkerspreview.nl\/de\/"},{"@type":"ListItem","position":2,"name":"Logistics"}]},{"@type":"WebSite","@id":"https:\/\/cuppen.makkerspreview.nl\/de\/#website","url":"https:\/\/cuppen.makkerspreview.nl\/de\/","name":"Cuppen","description":"","potentialAction":[{"@type":"SearchAction","target":{"@type":"EntryPoint","urlTemplate":"https:\/\/cuppen.makkerspreview.nl\/de\/?s={search_term_string}"},"query-input":{"@type":"PropertyValueSpecification","valueRequired":true,"valueName":"search_term_string"}}],"inLanguage":"de"}]}},"_links":{"self":[{"href":"https:\/\/cuppen.makkerspreview.nl\/de\/wp-json\/wp\/v2\/pages\/510","targetHints":{"allow":["GET"]}}],"collection":[{"href":"https:\/\/cuppen.makkerspreview.nl\/de\/wp-json\/wp\/v2\/pages"}],"about":[{"href":"https:\/\/cuppen.makkerspreview.nl\/de\/wp-json\/wp\/v2\/types\/page"}],"author":[{"embeddable":true,"href":"https:\/\/cuppen.makkerspreview.nl\/de\/wp-json\/wp\/v2\/users\/2"}],"replies":[{"embeddable":true,"href":"https:\/\/cuppen.makkerspreview.nl\/de\/wp-json\/wp\/v2\/comments?post=510"}],"version-history":[{"count":11,"href":"https:\/\/cuppen.makkerspreview.nl\/de\/wp-json\/wp\/v2\/pages\/510\/revisions"}],"predecessor-version":[{"id":850,"href":"https:\/\/cuppen.makkerspreview.nl\/de\/wp-json\/wp\/v2\/pages\/510\/revisions\/850"}],"wp:attachment":[{"href":"https:\/\/cuppen.makkerspreview.nl\/de\/wp-json\/wp\/v2\/media?parent=510"}],"curies":[{"name":"wp","href":"https:\/\/api.w.org\/{rel}","templated":true}]}}